{"id":77,"date":"2026-02-05T13:40:48","date_gmt":"2026-02-05T13:40:48","guid":{"rendered":"http:\/\/realvinyl.fr\/?page_id=77"},"modified":"2026-03-12T20:29:14","modified_gmt":"2026-03-12T19:29:14","slug":"contact","status":"publish","type":"page","link":"http:\/\/realvinyl.fr\/index.php\/contact\/","title":{"rendered":"Contact"},"content":{"rendered":"\n<h1 class=\"wp-block-heading\"><\/h1>\n\n\n\n<div class=\"wp-block-group is-style-default has-light-color-color has-text-color has-background has-link-color wp-elements-b985ea0f61cc9cd6168d17baddccccc7 is-layout-constrained wp-block-group-is-layout-constrained\" style=\"border-top-left-radius:15px;border-top-right-radius:15px;border-bottom-left-radius:15px;border-bottom-right-radius:15px;background-color:#141414\">\n<div class=\"forminator-guttenberg\"><div class=\"forminator-ui forminator-custom-form forminator-custom-form-112 forminator-design--default  forminator_ajax\" data-forminator-render=\"0\" data-form=\"forminator-module-112\" data-uid=\"69d532aa3ab00\"><br\/><\/div><form\n\t\t\t\tid=\"forminator-module-112\"\n\t\t\t\tclass=\"forminator-ui forminator-custom-form forminator-custom-form-112 forminator-design--default  forminator_ajax\"\n\t\t\t\tmethod=\"post\"\n\t\t\t\tdata-forminator-render=\"0\"\n\t\t\t\tdata-form-id=\"112\"\n\t\t\t\t data-color-option=\"theme\" data-design=\"default\" data-grid=\"open\" style=\"display: none;\"\n\t\t\t\tdata-uid=\"69d532aa3ab00\"\n\t\t\t><div role=\"alert\" aria-live=\"polite\" class=\"forminator-response-message forminator-error\" aria-hidden=\"true\"><\/div><div class=\"forminator-row\"><div id=\"name-1\" class=\"forminator-field-name forminator-col forminator-col-12 \"><div class=\"forminator-field\"><label for=\"forminator-field-name-1_69d532aa3ab00\" id=\"forminator-field-name-1_69d532aa3ab00-label\" class=\"forminator-label\">Nom <span class=\"forminator-required\">*<\/span><\/label><input type=\"text\" name=\"name-1\" value=\"\" placeholder=\"\" id=\"forminator-field-name-1_69d532aa3ab00\" class=\"forminator-input forminator-name--field\" aria-required=\"true\" autocomplete=\"name\" \/><\/div><\/div><\/div><div class=\"forminator-row\"><div id=\"email-1\" class=\"forminator-field-email forminator-col forminator-col-12 \"><div class=\"forminator-row-inside forminator-row-with-confirmation-email\"><div class=\"forminator-col forminator-col-6\"><div class=\"forminator-field\"><label for=\"forminator-field-email-1_69d532aa3ab00\" id=\"forminator-field-email-1_69d532aa3ab00-label\" class=\"forminator-label\">Adresse-mail <span class=\"forminator-required\">*<\/span><\/label><input type=\"email\" name=\"email-1\" value=\"\" placeholder=\"\" id=\"forminator-field-email-1_69d532aa3ab00\" class=\"forminator-input forminator-email--field\" data-required=\"1\" aria-required=\"true\" autocomplete=\"email\" \/><\/div><\/div><div class=\"forminator-col forminator-col-6\"><div class=\"forminator-field\"><label for=\"forminator-field-confirm_email-1_69d532aa3ab00\" id=\"forminator-field-confirm_email-1_69d532aa3ab00-label\" class=\"forminator-label\">Confirmer votre adresse mail <span class=\"forminator-required\">*<\/span><\/label><input type=\"email\" name=\"confirm_email-1\" value=\"\" placeholder=\"Retaper votre adresse mail\" id=\"forminator-field-confirm_email-1_69d532aa3ab00\" class=\"forminator-input forminator-name--field\" data-required=\"1\" aria-required=\"true\" autocomplete=\"email\" \/><\/div><\/div><\/div><\/div><\/div><div class=\"forminator-row\"><div id=\"phone-1\" class=\"forminator-field-phone forminator-col forminator-col-12 \"><div class=\"forminator-field\"><label for=\"forminator-field-phone-1_69d532aa3ab00\" id=\"forminator-field-phone-1_69d532aa3ab00-label\" class=\"forminator-label\">Num\u00e9ro de t\u00e9l\u00e9phone<\/label><input type=\"text\" name=\"phone-1\" value=\"\" placeholder=\"\" id=\"forminator-field-phone-1_69d532aa3ab00\" class=\"forminator-input forminator-field--phone\" data-required=\"\" aria-required=\"false\" autocomplete=\"off\" \/><\/div><\/div><\/div><div class=\"forminator-row\"><div id=\"textarea-1\" class=\"forminator-field-textarea forminator-col forminator-col-12 \"><div class=\"forminator-field\"><label for=\"forminator-field-textarea-1_69d532aa3ab00\" id=\"forminator-field-textarea-1_69d532aa3ab00-label\" class=\"forminator-label\">Message<\/label><span id=\"forminator-field-textarea-1_69d532aa3ab00-description\" class=\"forminator-description\"><span data-limit=\"1000\" data-type=\"characters\" data-editor=\"\">0 \/ 1000<\/span><\/span><textarea name=\"textarea-1\" placeholder=\"\" id=\"forminator-field-textarea-1_69d532aa3ab00\" class=\"forminator-textarea\" rows=\"6\" style=\"min-height:140px;\" maxlength=\"1000\" ><\/textarea><\/div><\/div><\/div><input type=\"hidden\" name=\"referer_url\" value=\"\" \/><div class=\"forminator-row forminator-row-last\"><div class=\"forminator-col\"><div class=\"forminator-field\"><button class=\"forminator-button forminator-button-submit\">Envoyer<\/button><\/div><\/div><\/div><input type=\"hidden\" id=\"forminator_nonce\" name=\"forminator_nonce\" value=\"96621bd729\" \/><input type=\"hidden\" name=\"_wp_http_referer\" value=\"\/index.php\/wp-json\/wp\/v2\/pages\/77\" \/><input type=\"hidden\" name=\"form_id\" value=\"112\"><input type=\"hidden\" name=\"page_id\" value=\"77\"><input type=\"hidden\" name=\"form_type\" value=\"default\"><input type=\"hidden\" name=\"current_url\" value=\"http:\/\/realvinyl.fr\/index.php\/contact\/\"><input type=\"hidden\" name=\"render_id\" value=\"0\"><input type=\"hidden\" name=\"action\" value=\"forminator_submit_form_custom-forms\"><\/form><\/div>\n<\/div>\n","protected":false},"excerpt":{"rendered":"","protected":false},"author":1,"featured_media":0,"parent":0,"menu_order":0,"comment_status":"closed","ping_status":"closed","template":"","meta":{"saved_in_kubio":true,"footnotes":""},"class_list":["post-77","page","type-page","status-publish","hentry"],"kubio_ai_page_context":{"short_desc":"","purpose":"general"},"yoast_head":"<!-- This site is optimized with the Yoast SEO plugin v27.1.1 - https:\/\/yoast.com\/product\/yoast-seo-wordpress\/ -->\n<title>Contact - Realvinyl<\/title>\n<meta name=\"robots\" content=\"index, follow, max-snippet:-1, max-image-preview:large, max-video-preview:-1\" \/>\n<link rel=\"canonical\" href=\"http:\/\/realvinyl.fr\/index.php\/contact\/\" \/>\n<meta property=\"og:locale\" content=\"fr_FR\" \/>\n<meta property=\"og:type\" content=\"article\" \/>\n<meta property=\"og:title\" content=\"Contact - Realvinyl\" \/>\n<meta property=\"og:url\" content=\"http:\/\/realvinyl.fr\/index.php\/contact\/\" \/>\n<meta property=\"og:site_name\" content=\"Realvinyl\" \/>\n<meta property=\"article:modified_time\" content=\"2026-03-12T19:29:14+00:00\" \/>\n<meta name=\"twitter:card\" content=\"summary_large_image\" \/>\n<meta name=\"twitter:label1\" content=\"Dur\u00e9e de lecture estim\u00e9e\" \/>\n\t<meta name=\"twitter:data1\" content=\"1 minute\" \/>\n<script type=\"application\/ld+json\" class=\"yoast-schema-graph\">{\"@context\":\"https:\/\/schema.org\",\"@graph\":[{\"@type\":\"WebPage\",\"@id\":\"http:\/\/realvinyl.fr\/index.php\/contact\/\",\"url\":\"http:\/\/realvinyl.fr\/index.php\/contact\/\",\"name\":\"Contact - Realvinyl\",\"isPartOf\":{\"@id\":\"http:\/\/realvinyl.fr\/#website\"},\"datePublished\":\"2026-02-05T13:40:48+00:00\",\"dateModified\":\"2026-03-12T19:29:14+00:00\",\"breadcrumb\":{\"@id\":\"http:\/\/realvinyl.fr\/index.php\/contact\/#breadcrumb\"},\"inLanguage\":\"fr-FR\",\"potentialAction\":[{\"@type\":\"ReadAction\",\"target\":[\"http:\/\/realvinyl.fr\/index.php\/contact\/\"]}]},{\"@type\":\"BreadcrumbList\",\"@id\":\"http:\/\/realvinyl.fr\/index.php\/contact\/#breadcrumb\",\"itemListElement\":[{\"@type\":\"ListItem\",\"position\":1,\"name\":\"Accueil\",\"item\":\"http:\/\/realvinyl.fr\/\"},{\"@type\":\"ListItem\",\"position\":2,\"name\":\"Contact\"}]},{\"@type\":\"WebSite\",\"@id\":\"http:\/\/realvinyl.fr\/#website\",\"url\":\"http:\/\/realvinyl.fr\/\",\"name\":\"Realvinyl\",\"description\":\"Design &amp; Pose\",\"publisher\":{\"@id\":\"http:\/\/realvinyl.fr\/#organization\"},\"potentialAction\":[{\"@type\":\"SearchAction\",\"target\":{\"@type\":\"EntryPoint\",\"urlTemplate\":\"http:\/\/realvinyl.fr\/?s={search_term_string}\"},\"query-input\":{\"@type\":\"PropertyValueSpecification\",\"valueRequired\":true,\"valueName\":\"search_term_string\"}}],\"inLanguage\":\"fr-FR\"},{\"@type\":\"Organization\",\"@id\":\"http:\/\/realvinyl.fr\/#organization\",\"name\":\"Realvinyl\",\"url\":\"http:\/\/realvinyl.fr\/\",\"logo\":{\"@type\":\"ImageObject\",\"inLanguage\":\"fr-FR\",\"@id\":\"http:\/\/realvinyl.fr\/#\/schema\/logo\/image\/\",\"url\":\"http:\/\/realvinyl.fr\/wp-content\/uploads\/2026\/01\/cropped-image1.png\",\"contentUrl\":\"http:\/\/realvinyl.fr\/wp-content\/uploads\/2026\/01\/cropped-image1.png\",\"width\":512,\"height\":512,\"caption\":\"Realvinyl\"},\"image\":{\"@id\":\"http:\/\/realvinyl.fr\/#\/schema\/logo\/image\/\"},\"sameAs\":[\"https:\/\/www.instagram.com\/real.vinyl\/\"]}]}<\/script>\n<!-- \/ Yoast SEO plugin. -->","yoast_head_json":{"title":"Contact - Realvinyl","robots":{"index":"index","follow":"follow","max-snippet":"max-snippet:-1","max-image-preview":"max-image-preview:large","max-video-preview":"max-video-preview:-1"},"canonical":"http:\/\/realvinyl.fr\/index.php\/contact\/","og_locale":"fr_FR","og_type":"article","og_title":"Contact - Realvinyl","og_url":"http:\/\/realvinyl.fr\/index.php\/contact\/","og_site_name":"Realvinyl","article_modified_time":"2026-03-12T19:29:14+00:00","twitter_card":"summary_large_image","twitter_misc":{"Dur\u00e9e de lecture estim\u00e9e":"1 minute"},"schema":{"@context":"https:\/\/schema.org","@graph":[{"@type":"WebPage","@id":"http:\/\/realvinyl.fr\/index.php\/contact\/","url":"http:\/\/realvinyl.fr\/index.php\/contact\/","name":"Contact - Realvinyl","isPartOf":{"@id":"http:\/\/realvinyl.fr\/#website"},"datePublished":"2026-02-05T13:40:48+00:00","dateModified":"2026-03-12T19:29:14+00:00","breadcrumb":{"@id":"http:\/\/realvinyl.fr\/index.php\/contact\/#breadcrumb"},"inLanguage":"fr-FR","potentialAction":[{"@type":"ReadAction","target":["http:\/\/realvinyl.fr\/index.php\/contact\/"]}]},{"@type":"BreadcrumbList","@id":"http:\/\/realvinyl.fr\/index.php\/contact\/#breadcrumb","itemListElement":[{"@type":"ListItem","position":1,"name":"Accueil","item":"http:\/\/realvinyl.fr\/"},{"@type":"ListItem","position":2,"name":"Contact"}]},{"@type":"WebSite","@id":"http:\/\/realvinyl.fr\/#website","url":"http:\/\/realvinyl.fr\/","name":"Realvinyl","description":"Design &amp; Pose","publisher":{"@id":"http:\/\/realvinyl.fr\/#organization"},"potentialAction":[{"@type":"SearchAction","target":{"@type":"EntryPoint","urlTemplate":"http:\/\/realvinyl.fr\/?s={search_term_string}"},"query-input":{"@type":"PropertyValueSpecification","valueRequired":true,"valueName":"search_term_string"}}],"inLanguage":"fr-FR"},{"@type":"Organization","@id":"http:\/\/realvinyl.fr\/#organization","name":"Realvinyl","url":"http:\/\/realvinyl.fr\/","logo":{"@type":"ImageObject","inLanguage":"fr-FR","@id":"http:\/\/realvinyl.fr\/#\/schema\/logo\/image\/","url":"http:\/\/realvinyl.fr\/wp-content\/uploads\/2026\/01\/cropped-image1.png","contentUrl":"http:\/\/realvinyl.fr\/wp-content\/uploads\/2026\/01\/cropped-image1.png","width":512,"height":512,"caption":"Realvinyl"},"image":{"@id":"http:\/\/realvinyl.fr\/#\/schema\/logo\/image\/"},"sameAs":["https:\/\/www.instagram.com\/real.vinyl\/"]}]}},"_links":{"self":[{"href":"http:\/\/realvinyl.fr\/index.php\/wp-json\/wp\/v2\/pages\/77","targetHints":{"allow":["GET"]}}],"collection":[{"href":"http:\/\/realvinyl.fr\/index.php\/wp-json\/wp\/v2\/pages"}],"about":[{"href":"http:\/\/realvinyl.fr\/index.php\/wp-json\/wp\/v2\/types\/page"}],"author":[{"embeddable":true,"href":"http:\/\/realvinyl.fr\/index.php\/wp-json\/wp\/v2\/users\/1"}],"replies":[{"embeddable":true,"href":"http:\/\/realvinyl.fr\/index.php\/wp-json\/wp\/v2\/comments?post=77"}],"version-history":[{"count":26,"href":"http:\/\/realvinyl.fr\/index.php\/wp-json\/wp\/v2\/pages\/77\/revisions"}],"predecessor-version":[{"id":221,"href":"http:\/\/realvinyl.fr\/index.php\/wp-json\/wp\/v2\/pages\/77\/revisions\/221"}],"wp:attachment":[{"href":"http:\/\/realvinyl.fr\/index.php\/wp-json\/wp\/v2\/media?parent=77"}],"curies":[{"name":"wp","href":"https:\/\/api.w.org\/{rel}","templated":true}]}}